{"id":15597,"date":"2023-10-11T12:31:12","date_gmt":"2023-10-11T10:31:12","guid":{"rendered":"https:\/\/bonprixmaroc.com\/?post_type=product&#038;p=15597"},"modified":"2023-10-11T12:45:34","modified_gmt":"2023-10-11T10:45:34","slug":"routeur","status":"publish","type":"product","link":"https:\/\/bonprixmaroc.com\/?product=routeur","title":{"rendered":"Routeur"},"content":{"rendered":"<p>Une gamme compl\u00e8te de routeurs et passerelles WAN convergentes int\u00e9grant les services Data, S\u00e9curit\u00e9, ToIP et Optimisation WAN.<\/p>\n","protected":false},"excerpt":{"rendered":"<p>Une gamme compl\u00e8te de routeurs et passerelles WAN convergentes int\u00e9grant les services Data, S\u00e9curit\u00e9, ToIP et Optimisation WAN.<\/p>\n","protected":false},"featured_media":0,"comment_status":"open","ping_status":"closed","template":"","meta":[],"product_cat":[71],"product_tag":[],"class_list":{"0":"post-15597","1":"product","2":"type-product","3":"status-publish","5":"product_cat-reseaux","7":"first","8":"instock","9":"shipping-taxable","10":"product-type-simple"},"yoast_head":"<!-- This site is optimized with the Yoast SEO plugin v24.0 - https:\/\/yoast.com\/wordpress\/plugins\/seo\/ -->\n<title>Routeur - Bon Prix Maroc<\/title>\n<meta name=\"robots\" content=\"noindex, follow, max-snippet:-1, max-image-preview:large, max-video-preview:-1\" \/>\n<meta property=\"og:locale\" content=\"fr_FR\" \/>\n<meta property=\"og:type\" content=\"article\" \/>\n<meta property=\"og:title\" content=\"Routeur - Bon Prix Maroc\" \/>\n<meta property=\"og:description\" content=\"Une gamme compl\u00e8te de routeurs et passerelles WAN convergentes int\u00e9grant les services Data, S\u00e9curit\u00e9, ToIP et Optimisation WAN.\" \/>\n<meta property=\"og:url\" content=\"https:\/\/bonprixmaroc.com\/?product=routeur\" \/>\n<meta property=\"og:site_name\" content=\"Bon Prix Maroc\" \/>\n<meta property=\"article:modified_time\" content=\"2023-10-11T10:45:34+00:00\" \/>\n<meta name=\"twitter:card\" content=\"summary_large_image\" \/>\n<script type=\"application\/ld+json\" class=\"yoast-schema-graph\">{\"@context\":\"https:\/\/schema.org\",\"@graph\":[{\"@type\":\"WebPage\",\"@id\":\"https:\/\/bonprixmaroc.com\/?product=routeur\",\"url\":\"https:\/\/bonprixmaroc.com\/?product=routeur\",\"name\":\"Routeur - Bon Prix Maroc\",\"isPartOf\":{\"@id\":\"https:\/\/bonprixmaroc.com\/#website\"},\"datePublished\":\"2023-10-11T10:31:12+00:00\",\"dateModified\":\"2023-10-11T10:45:34+00:00\",\"breadcrumb\":{\"@id\":\"https:\/\/bonprixmaroc.com\/?product=routeur#breadcrumb\"},\"inLanguage\":\"fr-FR\",\"potentialAction\":[{\"@type\":\"ReadAction\",\"target\":[\"https:\/\/bonprixmaroc.com\/?product=routeur\"]}]},{\"@type\":\"BreadcrumbList\",\"@id\":\"https:\/\/bonprixmaroc.com\/?product=routeur#breadcrumb\",\"itemListElement\":[{\"@type\":\"ListItem\",\"position\":1,\"name\":\"Accueil\",\"item\":\"https:\/\/bonprixmaroc.com\/\"},{\"@type\":\"ListItem\",\"position\":2,\"name\":\"Shop\",\"item\":\"https:\/\/bonprixmaroc.com\/?page_id=47\"},{\"@type\":\"ListItem\",\"position\":3,\"name\":\"Routeur\"}]},{\"@type\":\"WebSite\",\"@id\":\"https:\/\/bonprixmaroc.com\/#website\",\"url\":\"https:\/\/bonprixmaroc.com\/\",\"name\":\"Bon Prix Maroc\",\"description\":\"\",\"potentialAction\":[{\"@type\":\"SearchAction\",\"target\":{\"@type\":\"EntryPoint\",\"urlTemplate\":\"https:\/\/bonprixmaroc.com\/?s={search_term_string}\"},\"query-input\":{\"@type\":\"PropertyValueSpecification\",\"valueRequired\":true,\"valueName\":\"search_term_string\"}}],\"inLanguage\":\"fr-FR\"}]}<\/script>\n<!-- \/ Yoast SEO plugin. -->","yoast_head_json":{"title":"Routeur - Bon Prix Maroc","robots":{"index":"noindex","follow":"follow","max-snippet":"max-snippet:-1","max-image-preview":"max-image-preview:large","max-video-preview":"max-video-preview:-1"},"og_locale":"fr_FR","og_type":"article","og_title":"Routeur - Bon Prix Maroc","og_description":"Une gamme compl\u00e8te de routeurs et passerelles WAN convergentes int\u00e9grant les services Data, S\u00e9curit\u00e9, ToIP et Optimisation WAN.","og_url":"https:\/\/bonprixmaroc.com\/?product=routeur","og_site_name":"Bon Prix Maroc","article_modified_time":"2023-10-11T10:45:34+00:00","twitter_card":"summary_large_image","schema":{"@context":"https:\/\/schema.org","@graph":[{"@type":"WebPage","@id":"https:\/\/bonprixmaroc.com\/?product=routeur","url":"https:\/\/bonprixmaroc.com\/?product=routeur","name":"Routeur - Bon Prix Maroc","isPartOf":{"@id":"https:\/\/bonprixmaroc.com\/#website"},"datePublished":"2023-10-11T10:31:12+00:00","dateModified":"2023-10-11T10:45:34+00:00","breadcrumb":{"@id":"https:\/\/bonprixmaroc.com\/?product=routeur#breadcrumb"},"inLanguage":"fr-FR","potentialAction":[{"@type":"ReadAction","target":["https:\/\/bonprixmaroc.com\/?product=routeur"]}]},{"@type":"BreadcrumbList","@id":"https:\/\/bonprixmaroc.com\/?product=routeur#breadcrumb","itemListElement":[{"@type":"ListItem","position":1,"name":"Accueil","item":"https:\/\/bonprixmaroc.com\/"},{"@type":"ListItem","position":2,"name":"Shop","item":"https:\/\/bonprixmaroc.com\/?page_id=47"},{"@type":"ListItem","position":3,"name":"Routeur"}]},{"@type":"WebSite","@id":"https:\/\/bonprixmaroc.com\/#website","url":"https:\/\/bonprixmaroc.com\/","name":"Bon Prix Maroc","description":"","potentialAction":[{"@type":"SearchAction","target":{"@type":"EntryPoint","urlTemplate":"https:\/\/bonprixmaroc.com\/?s={search_term_string}"},"query-input":{"@type":"PropertyValueSpecification","valueRequired":true,"valueName":"search_term_string"}}],"inLanguage":"fr-FR"}]}},"_links":{"self":[{"href":"https:\/\/bonprixmaroc.com\/index.php?rest_route=\/wp\/v2\/product\/15597","targetHints":{"allow":["GET"]}}],"collection":[{"href":"https:\/\/bonprixmaroc.com\/index.php?rest_route=\/wp\/v2\/product"}],"about":[{"href":"https:\/\/bonprixmaroc.com\/index.php?rest_route=\/wp\/v2\/types\/product"}],"replies":[{"embeddable":true,"href":"https:\/\/bonprixmaroc.com\/index.php?rest_route=%2Fwp%2Fv2%2Fcomments&post=15597"}],"version-history":[{"count":2,"href":"https:\/\/bonprixmaroc.com\/index.php?rest_route=\/wp\/v2\/product\/15597\/revisions"}],"predecessor-version":[{"id":15599,"href":"https:\/\/bonprixmaroc.com\/index.php?rest_route=\/wp\/v2\/product\/15597\/revisions\/15599"}],"wp:attachment":[{"href":"https:\/\/bonprixmaroc.com\/index.php?rest_route=%2Fwp%2Fv2%2Fmedia&parent=15597"}],"wp:term":[{"taxonomy":"product_cat","embeddable":true,"href":"https:\/\/bonprixmaroc.com\/index.php?rest_route=%2Fwp%2Fv2%2Fproduct_cat&post=15597"},{"taxonomy":"product_tag","embeddable":true,"href":"https:\/\/bonprixmaroc.com\/index.php?rest_route=%2Fwp%2Fv2%2Fproduct_tag&post=15597"}],"curies":[{"name":"wp","href":"https:\/\/api.w.org\/{rel}","templated":true}]}}